{"id":956,"date":"2016-09-26T15:38:33","date_gmt":"2016-09-26T14:38:33","guid":{"rendered":"http:\/\/www.cafardetletravail.com\/wp-cafard-1\/?page_id=956"},"modified":"2016-11-26T15:39:28","modified_gmt":"2016-11-26T14:39:28","slug":"presentation","status":"publish","type":"page","link":"https:\/\/www.cafardetletravail.com\/wp-cafard-1\/presentation\/","title":{"rendered":"Pr\u00e9sentation"},"content":{"rendered":"","protected":false},"excerpt":{"rendered":"<div class='the_champ_sharing_container the_champ_vertical_sharing the_champ_hide_sharing' style='width:44px;right: -10px;top: 100px;-webkit-box-shadow:none;box-shadow:none;' data-super-socializer-href=\"https:\/\/www.cafardetletravail.com\/wp-cafard-1\/wp-json\/wp\/v2\/pages\/956\"><div class=\"the_champ_sharing_ul\"><a aria-label=\"Whatsapp\" class=\"the_champ_whatsapp\" href=\"https:\/\/api.whatsapp.com\/send?text=Changeons%20le%20monde%20-%20 https%3A%2F%2Fwww.cafardetletravail.com%2Fwp-cafard-1%2Fwp-json%2Fwp%2Fv2%2Fpages%2F956\" title=\"Whatsapp\" rel=\"nofollow noopener\" target=\"_blank\" style=\"font-size:24px!important;box-shadow:none;display:inline-block;vertical-align:middle\"><span class=\"the_champ_svg\" style=\"background-color:#55eb4c;width:40px;height:40px;margin:0;display:inline-block;opacity:1;float:left;font-size:24px;box-shadow:none;display:inline-block;font-size:16px;padding:0 4px;vertical-align:middle;background-repeat:repeat;overflow:hidden;padding:0;cursor:pointer;box-sizing:content-box\"><svg style=\"display:block;\" focusable=\"false\" aria-hidden=\"true\" xmlns=\"http:\/\/www.w3.org\/2000\/svg\" width=\"100%\" height=\"100%\" viewBox=\"-6 -5 40 40\"><path class=\"the_champ_svg_stroke the_champ_no_fill\" stroke=\"#fff\" stroke-width=\"2\" fill=\"none\" d=\"M 11.579798566743314 24.396926207859085 A 10 10 0 1 0 6.808479557110079 20.73576436351046\"><\/path><path d=\"M 7 19 l -1 6 l 6 -1\" class=\"the_champ_no_fill the_champ_svg_stroke\" stroke=\"#fff\" stroke-width=\"2\" fill=\"none\"><\/path><path d=\"M 10 10 q -1 8 8 11 c 5 -1 0 -6 -1 -3 q -4 -3 -5 -5 c 4 -2 -1 -5 -1 -4\" fill=\"#fff\"><\/path><\/svg><\/span><\/a><a aria-label=\"Facebook\" class=\"the_champ_facebook\" href=\"https:\/\/www.facebook.com\/sharer\/sharer.php?u=https%3A%2F%2Fwww.cafardetletravail.com%2Fwp-cafard-1%2Fwp-json%2Fwp%2Fv2%2Fpages%2F956\" title=\"Facebook\" rel=\"nofollow noopener\" target=\"_blank\" style=\"font-size:24px!important;box-shadow:none;display:inline-block;vertical-align:middle\"><span class=\"the_champ_svg\" style=\"background-color:#0765FE;width:40px;height:40px;margin:0;display:inline-block;opacity:1;float:left;font-size:24px;box-shadow:none;display:inline-block;font-size:16px;padding:0 4px;vertical-align:middle;background-repeat:repeat;overflow:hidden;padding:0;cursor:pointer;box-sizing:content-box\"><svg style=\"display:block;\" focusable=\"false\" aria-hidden=\"true\" xmlns=\"http:\/\/www.w3.org\/2000\/svg\" width=\"100%\" height=\"100%\" viewBox=\"0 0 32 32\"><path fill=\"#fff\" d=\"M28 16c0-6.627-5.373-12-12-12S4 9.373 4 16c0 5.628 3.875 10.35 9.101 11.647v-7.98h-2.474V16H13.1v-1.58c0-4.085 1.849-5.978 5.859-5.978.76 0 2.072.15 2.608.298v3.325c-.283-.03-.775-.045-1.386-.045-1.967 0-2.728.745-2.728 2.683V16h3.92l-.673 3.667h-3.247v8.245C23.395 27.195 28 22.135 28 16Z\"><\/path><\/svg><\/span><\/a><a aria-label=\"Twitter\" class=\"the_champ_button_twitter\" href=\"https:\/\/twitter.com\/intent\/tweet?text=Changeons%20le%20monde%20-%20&url=https%3A%2F%2Fwww.cafardetletravail.com%2Fwp-cafard-1%2Fwp-json%2Fwp%2Fv2%2Fpages%2F956\" title=\"Twitter\" rel=\"nofollow noopener\" target=\"_blank\" style=\"font-size:24px!important;box-shadow:none;display:inline-block;vertical-align:middle\"><span class=\"the_champ_svg the_champ_s__default the_champ_s_twitter\" style=\"background-color:#55acee;width:40px;height:40px;margin:0;display:inline-block;opacity:1;float:left;font-size:24px;box-shadow:none;display:inline-block;font-size:16px;padding:0 4px;vertical-align:middle;background-repeat:repeat;overflow:hidden;padding:0;cursor:pointer;box-sizing:content-box\"><svg style=\"display:block;\" focusable=\"false\" aria-hidden=\"true\" xmlns=\"http:\/\/www.w3.org\/2000\/svg\" width=\"100%\" height=\"100%\" viewBox=\"-4 -4 39 39\"><path d=\"M28 8.557a9.913 9.913 0 0 1-2.828.775 4.93 4.93 0 0 0 2.166-2.725 9.738 9.738 0 0 1-3.13 1.194 4.92 4.92 0 0 0-3.593-1.55 4.924 4.924 0 0 0-4.794 6.049c-4.09-.21-7.72-2.17-10.15-5.15a4.942 4.942 0 0 0-.665 2.477c0 1.71.87 3.214 2.19 4.1a4.968 4.968 0 0 1-2.23-.616v.06c0 2.39 1.7 4.38 3.952 4.83-.414.115-.85.174-1.297.174-.318 0-.626-.03-.928-.086a4.935 4.935 0 0 0 4.6 3.42 9.893 9.893 0 0 1-6.114 2.107c-.398 0-.79-.023-1.175-.068a13.953 13.953 0 0 0 7.55 2.213c9.056 0 14.01-7.507 14.01-14.013 0-.213-.005-.426-.015-.637.96-.695 1.795-1.56 2.455-2.55z\" fill=\"#fff\"><\/path><\/svg><\/span><\/a><a aria-label=\"Email\" class=\"the_champ_email\" href=\"https:\/\/www.cafardetletravail.com\/wp-cafard-1\/wp-json\/wp\/v2\/pages\/956\" onclick=\"event.preventDefault();window.open('mailto:?subject=' + decodeURIComponent('Changeons%20le%20monde%20-%20').replace('&', '%26') + '&body=' + decodeURIComponent('https%3A%2F%2Fwww.cafardetletravail.com%2Fwp-cafard-1%2Fwp-json%2Fwp%2Fv2%2Fpages%2F956'), '_blank')\" title=\"Email\" rel=\"noopener\" style=\"font-size:24px!important;box-shadow:none;display:inline-block;vertical-align:middle\"><span class=\"the_champ_svg\" style=\"background-color:#649a3f;width:40px;height:40px;margin:0;display:inline-block;opacity:1;float:left;font-size:24px;box-shadow:none;display:inline-block;font-size:16px;padding:0 4px;vertical-align:middle;background-repeat:repeat;overflow:hidden;padding:0;cursor:pointer;box-sizing:content-box\"><svg style=\"display:block;\" focusable=\"false\" aria-hidden=\"true\" xmlns=\"http:\/\/www.w3.org\/2000\/svg\" width=\"100%\" height=\"100%\" viewBox=\"-.5 -.5 36 36\"><path d=\"M 5.5 11 h 23 v 1 l -11 6 l -11 -6 v -1 m 0 2 l 11 6 l 11 -6 v 11 h -22 v -11\" stroke-width=\"1\" fill=\"#fff\"><\/path><\/svg><\/span><\/a><a aria-label=\"WordPress\" class=\"the_champ_button_wordpress\" href=\"https:\/\/www.cafardetletravail.com\/wp-cafard-1\/wp-admin\/press-this.php?u=https%3A%2F%2Fwww.cafardetletravail.com%2Fwp-cafard-1%2Fwp-json%2Fwp%2Fv2%2Fpages%2F956&t=Changeons%20le%20monde%20-%20\" title=\"WordPress\" rel=\"nofollow noopener\" target=\"_blank\" style=\"font-size:24px!important;box-shadow:none;display:inline-block;vertical-align:middle\"><span class=\"the_champ_svg the_champ_s__default the_champ_s_wordpress\" style=\"background-color:#464646;width:40px;height:40px;margin:0;display:inline-block;opacity:1;float:left;font-size:24px;box-shadow:none;display:inline-block;font-size:16px;padding:0 4px;vertical-align:middle;background-repeat:repeat;overflow:hidden;padding:0;cursor:pointer;box-sizing:content-box\"><svg style=\"display:block;\" focusable=\"false\" aria-hidden=\"true\" xmlns=\"http:\/\/www.w3.org\/2000\/svg\" width=\"100%\" height=\"100%\" viewBox=\"0 0 32 32\"><circle fill=\"#fff\" cx=\"16\" cy=\"16\" r=\"14.75\"\/><path class=\"the_champ_no_fill\" fill=\"#464646\" d=\"M3.176 16c0 5.076 2.95 9.462 7.226 11.54L4.287 10.78c-.712 1.595-1.11 3.36-1.11 5.22zm21.48-.646c0-1.586-.57-2.684-1.06-3.537-.647-1.058-1.26-1.95-1.26-3.008 0-1.18.897-2.278 2.156-2.278.057 0 .11.008.166.01-2.28-2.09-5.32-3.367-8.658-3.367-4.48 0-8.422 2.3-10.715 5.78.302.01.585.017.826.017 1.343 0 3.418-.164 3.418-.164.69-.042.774.974.084 1.056 0 0-.694.08-1.466.12l4.668 13.892 2.808-8.417-1.998-5.476c-.69-.04-1.345-.12-1.345-.12-.69-.04-.61-1.1.08-1.058 0 0 2.116.164 3.38.164 1.34 0 3.416-.163 3.416-.163.69-.04.77.976.08 1.058 0 0-.694.08-1.467.12l4.634 13.785 1.28-4.272c.552-1.773.975-3.048.975-4.144zm-8.43 1.766l-3.85 11.18c1.15.34 2.365.523 3.624.523 1.492 0 2.925-.26 4.26-.728-.035-.056-.066-.113-.093-.177L16.225 17.12zM27.25 9.848c.055.408.086.848.086 1.318 0 1.3-.242 2.764-.975 4.594l-3.916 11.324C26.26 24.86 28.822 20.73 28.822 16c0-2.23-.568-4.326-1.57-6.152z\"\/><path d=\"M16 1.052C7.757 1.052 1.052 7.757 1.052 16c0 8.242 6.705 14.948 14.948 14.948 8.242 0 14.948-6.706 14.948-14.95 0-8.24-6.706-14.946-14.948-14.946zm0 29.212c-7.865 0-14.264-6.4-14.264-14.265S8.136 1.734 16 1.734c7.863 0 14.264 6.398 14.264 14.263 0 7.863-6.4 14.264-14.264 14.264z\"\/><\/svg><\/span><\/a><a class=\"the_champ_more\" title=\"More\" rel=\"nofollow noopener\" style=\"font-size:24px!important;border:0;box-shadow:none;display:inline-block!important;font-size:16px;padding:0 4px;vertical-align: middle;display:inline;\" href=\"https:\/\/www.cafardetletravail.com\/wp-cafard-1\/wp-json\/wp\/v2\/pages\/956\" onclick=\"event.preventDefault()\"><span class=\"the_champ_svg\" style=\"background-color:#ee8e2d;width:40px;height:40px;margin:0;display:inline-block!important;opacity:1;float:left;font-size:32px!important;box-shadow:none;display:inline-block;font-size:16px;padding:0 4px;vertical-align:middle;display:inline;background-repeat:repeat;overflow:hidden;padding:0;cursor:pointer;box-sizing:content-box;\" onclick=\"theChampMoreSharingPopup(this, 'https:\/\/www.cafardetletravail.com\/wp-cafard-1\/wp-json\/wp\/v2\/pages\/956', 'Changeons%20le%20monde%20-%20', '' )\"><svg xmlns=\"http:\/\/www.w3.org\/2000\/svg\" xmlns:xlink=\"http:\/\/www.w3.org\/1999\/xlink\" viewBox=\"-.3 0 32 32\" version=\"1.1\" width=\"100%\" height=\"100%\" style=\"display:block;\" xml:space=\"preserve\"><g><path fill=\"#fff\" d=\"M18 14V8h-4v6H8v4h6v6h4v-6h6v-4h-6z\" fill-rule=\"evenodd\"><\/path><\/g><\/svg><\/span><\/a><\/div><\/div>","protected":false},"author":1,"featured_media":0,"parent":0,"menu_order":0,"comment_status":"closed","ping_status":"closed","template":"","meta":{"_bbp_topic_count":0,"_bbp_reply_count":0,"_bbp_total_topic_count":0,"_bbp_total_reply_count":0,"_bbp_voice_count":0,"_bbp_anonymous_reply_count":0,"_bbp_topic_count_hidden":0,"_bbp_reply_count_hidden":0,"_bbp_forum_subforum_count":0,"jetpack_post_was_ever_published":false,"footnotes":""},"class_list":["post-956","page","type-page","status-publish","hentry"],"yoast_head":"<!-- This site is optimized with the Yoast SEO plugin v26.1.1 - https:\/\/yoast.com\/wordpress\/plugins\/seo\/ -->\n<title>Pr\u00e9sentation - Changeons le monde<\/title>\n<meta name=\"robots\" content=\"index, follow, max-snippet:-1, max-image-preview:large, max-video-preview:-1\" \/>\n<link rel=\"canonical\" href=\"https:\/\/www.cafardetletravail.com\/wp-cafard-1\/presentation\/\" \/>\n<meta property=\"og:locale\" content=\"fr_FR\" \/>\n<meta property=\"og:type\" content=\"article\" \/>\n<meta property=\"og:title\" content=\"Pr\u00e9sentation - Changeons le monde\" \/>\n<meta property=\"og:url\" content=\"https:\/\/www.cafardetletravail.com\/wp-cafard-1\/presentation\/\" \/>\n<meta property=\"og:site_name\" content=\"Changeons le monde\" \/>\n<meta property=\"article:modified_time\" content=\"2016-11-26T14:39:28+00:00\" \/>\n<meta name=\"twitter:card\" content=\"summary_large_image\" \/>\n<script type=\"application\/ld+json\" class=\"yoast-schema-graph\">{\"@context\":\"https:\/\/schema.org\",\"@graph\":[{\"@type\":\"WebPage\",\"@id\":\"https:\/\/www.cafardetletravail.com\/wp-cafard-1\/presentation\/\",\"url\":\"https:\/\/www.cafardetletravail.com\/wp-cafard-1\/presentation\/\",\"name\":\"Pr\u00e9sentation - Changeons le monde\",\"isPartOf\":{\"@id\":\"https:\/\/www.cafardetletravail.com\/wp-cafard-1\/#website\"},\"datePublished\":\"2016-09-26T14:38:33+00:00\",\"dateModified\":\"2016-11-26T14:39:28+00:00\",\"breadcrumb\":{\"@id\":\"https:\/\/www.cafardetletravail.com\/wp-cafard-1\/presentation\/#breadcrumb\"},\"inLanguage\":\"fr-FR\",\"potentialAction\":[{\"@type\":\"ReadAction\",\"target\":[\"https:\/\/www.cafardetletravail.com\/wp-cafard-1\/presentation\/\"]}]},{\"@type\":\"BreadcrumbList\",\"@id\":\"https:\/\/www.cafardetletravail.com\/wp-cafard-1\/presentation\/#breadcrumb\",\"itemListElement\":[{\"@type\":\"ListItem\",\"position\":1,\"name\":\"Accueil\",\"item\":\"https:\/\/www.cafardetletravail.com\/wp-cafard-1\/\"},{\"@type\":\"ListItem\",\"position\":2,\"name\":\"Pr\u00e9sentation\"}]},{\"@type\":\"WebSite\",\"@id\":\"https:\/\/www.cafardetletravail.com\/wp-cafard-1\/#website\",\"url\":\"https:\/\/www.cafardetletravail.com\/wp-cafard-1\/\",\"name\":\"Changeons le monde\",\"description\":\"\",\"potentialAction\":[{\"@type\":\"SearchAction\",\"target\":{\"@type\":\"EntryPoint\",\"urlTemplate\":\"https:\/\/www.cafardetletravail.com\/wp-cafard-1\/?s={search_term_string}\"},\"query-input\":{\"@type\":\"PropertyValueSpecification\",\"valueRequired\":true,\"valueName\":\"search_term_string\"}}],\"inLanguage\":\"fr-FR\"}]}<\/script>\n<!-- \/ Yoast SEO plugin. -->","yoast_head_json":{"title":"Pr\u00e9sentation - Changeons le monde","robots":{"index":"index","follow":"follow","max-snippet":"max-snippet:-1","max-image-preview":"max-image-preview:large","max-video-preview":"max-video-preview:-1"},"canonical":"https:\/\/www.cafardetletravail.com\/wp-cafard-1\/presentation\/","og_locale":"fr_FR","og_type":"article","og_title":"Pr\u00e9sentation - Changeons le monde","og_url":"https:\/\/www.cafardetletravail.com\/wp-cafard-1\/presentation\/","og_site_name":"Changeons le monde","article_modified_time":"2016-11-26T14:39:28+00:00","twitter_card":"summary_large_image","schema":{"@context":"https:\/\/schema.org","@graph":[{"@type":"WebPage","@id":"https:\/\/www.cafardetletravail.com\/wp-cafard-1\/presentation\/","url":"https:\/\/www.cafardetletravail.com\/wp-cafard-1\/presentation\/","name":"Pr\u00e9sentation - Changeons le monde","isPartOf":{"@id":"https:\/\/www.cafardetletravail.com\/wp-cafard-1\/#website"},"datePublished":"2016-09-26T14:38:33+00:00","dateModified":"2016-11-26T14:39:28+00:00","breadcrumb":{"@id":"https:\/\/www.cafardetletravail.com\/wp-cafard-1\/presentation\/#breadcrumb"},"inLanguage":"fr-FR","potentialAction":[{"@type":"ReadAction","target":["https:\/\/www.cafardetletravail.com\/wp-cafard-1\/presentation\/"]}]},{"@type":"BreadcrumbList","@id":"https:\/\/www.cafardetletravail.com\/wp-cafard-1\/presentation\/#breadcrumb","itemListElement":[{"@type":"ListItem","position":1,"name":"Accueil","item":"https:\/\/www.cafardetletravail.com\/wp-cafard-1\/"},{"@type":"ListItem","position":2,"name":"Pr\u00e9sentation"}]},{"@type":"WebSite","@id":"https:\/\/www.cafardetletravail.com\/wp-cafard-1\/#website","url":"https:\/\/www.cafardetletravail.com\/wp-cafard-1\/","name":"Changeons le monde","description":"","potentialAction":[{"@type":"SearchAction","target":{"@type":"EntryPoint","urlTemplate":"https:\/\/www.cafardetletravail.com\/wp-cafard-1\/?s={search_term_string}"},"query-input":{"@type":"PropertyValueSpecification","valueRequired":true,"valueName":"search_term_string"}}],"inLanguage":"fr-FR"}]}},"jetpack-related-posts":[{"id":18,"url":"https:\/\/www.cafardetletravail.com\/wp-cafard-1\/cafard-card\/","url_meta":{"origin":956,"position":0},"title":"Cafard card","author":"cafard","date":"15 janvier 2016","format":false,"excerpt":"Une journ\u00e9e d'espoir que tu donneras \u00e0 un autre fr\u00e8re Cafard. Car donner de l'espoir est le vrai pouvoir\u00a0!!!! Fonctionnement de la Cafard Card\u00a0: Elle donne droit \u00e0 un repas midi et soir dans la m\u00eame journ\u00e9e. Elle est conserv\u00e9e par le client, afin qu'il la transmette \u00e4 une autre\u2026","rel":"","context":"Avec 2 commentaires","block_context":{"text":"Avec 2 commentaires","link":"https:\/\/www.cafardetletravail.com\/wp-cafard-1\/cafard-card\/#comments"},"img":{"alt_text":"","src":"https:\/\/i0.wp.com\/www.cafardetletravail.com\/wp-cafard-1\/wp-content\/uploads\/2016\/01\/Verso-Cafard-Card.png?fit=1004%2C650&ssl=1&resize=350%2C200","width":350,"height":200,"srcset":"https:\/\/i0.wp.com\/www.cafardetletravail.com\/wp-cafard-1\/wp-content\/uploads\/2016\/01\/Verso-Cafard-Card.png?fit=1004%2C650&ssl=1&resize=350%2C200 1x, https:\/\/i0.wp.com\/www.cafardetletravail.com\/wp-cafard-1\/wp-content\/uploads\/2016\/01\/Verso-Cafard-Card.png?fit=1004%2C650&ssl=1&resize=525%2C300 1.5x, https:\/\/i0.wp.com\/www.cafardetletravail.com\/wp-cafard-1\/wp-content\/uploads\/2016\/01\/Verso-Cafard-Card.png?fit=1004%2C650&ssl=1&resize=700%2C400 2x"},"classes":[]},{"id":41,"url":"https:\/\/www.cafardetletravail.com\/wp-cafard-1\/comprendre-admettre-et-agir\/","url_meta":{"origin":956,"position":1},"title":"Comprendre Admettre et Agir !","author":"cafard","date":"15 janvier 2016","format":false,"excerpt":"J'h\u00e9sitais\u00a0 entre ses vid\u00e9os pour le lancement. Alors je vous met les deux versions avec des extraits vid\u00e9os diff\u00e9rent\u00a0 pour chacune. Mais l'important,c'est surtout, de bien regarder la vid\u00e9o des fr\u00e8res de Thrive pour bien comprendre.Et celle sur les \u00e9nergies avant de continuer a explor\u00e9 l'univers des cafards et toutes\u2026","rel":"","context":"Article similaire","block_context":{"text":"Article similaire","link":""},"img":{"alt_text":"","src":"https:\/\/i0.wp.com\/www.cafardetletravail.com\/wp-cafard-1\/wp-content\/uploads\/2016\/01\/Comment-changer-le-monde-pour-youtube-hdr.png?fit=1200%2C655&ssl=1&resize=350%2C200","width":350,"height":200,"srcset":"https:\/\/i0.wp.com\/www.cafardetletravail.com\/wp-cafard-1\/wp-content\/uploads\/2016\/01\/Comment-changer-le-monde-pour-youtube-hdr.png?fit=1200%2C655&ssl=1&resize=350%2C200 1x, https:\/\/i0.wp.com\/www.cafardetletravail.com\/wp-cafard-1\/wp-content\/uploads\/2016\/01\/Comment-changer-le-monde-pour-youtube-hdr.png?fit=1200%2C655&ssl=1&resize=525%2C300 1.5x, https:\/\/i0.wp.com\/www.cafardetletravail.com\/wp-cafard-1\/wp-content\/uploads\/2016\/01\/Comment-changer-le-monde-pour-youtube-hdr.png?fit=1200%2C655&ssl=1&resize=700%2C400 2x, https:\/\/i0.wp.com\/www.cafardetletravail.com\/wp-cafard-1\/wp-content\/uploads\/2016\/01\/Comment-changer-le-monde-pour-youtube-hdr.png?fit=1200%2C655&ssl=1&resize=1050%2C600 3x"},"classes":[]},{"id":26,"url":"https:\/\/www.cafardetletravail.com\/wp-cafard-1\/cafard-et-le-travail\/","url_meta":{"origin":956,"position":2},"title":"Cafard et le travail","author":"cafard","date":"15 janvier 2016","format":false,"excerpt":"Cafard et le Travail, c\u2019est l\u2019histoire vraie du parcours professionnel d\u2019une personne qui a d\u00e9cid\u00e9 de soulever les probl\u00e8mes et injustices au travail. Afin que l\u2019on arr\u00eate de supporter et se rendre malade de toutes ces absurdit\u00e9s. Tout simplement en exposant les probl\u00e8mes et difficult\u00e9s rencontr\u00e9es afin de pouvoir trouver\u2026","rel":"","context":"Article similaire","block_context":{"text":"Article similaire","link":""},"img":{"alt_text":"","src":"https:\/\/i0.wp.com\/www.cafardetletravail.com\/wp-cafard-1\/wp-content\/uploads\/2016\/01\/cropped-logo-app_512x512.png?fit=512%2C512&ssl=1&resize=350%2C200","width":350,"height":200},"classes":[]},{"id":15,"url":"https:\/\/www.cafardetletravail.com\/wp-cafard-1\/","url_meta":{"origin":956,"position":3},"title":"Accueil","author":"cafard","date":"15 janvier 2016","format":false,"excerpt":"Bienvenue amis Cafards ! Ici tout est permis La premi\u00e8re r\u00e9volte non violente de l'histoire commence ! L'unit\u00e9 est arriv\u00e9e, si c'est une r\u00e9alit\u00e9 rien ne peux l\u2019arr\u00eater. \u00a0One Love Humanity \u00a0 Facebook Le liberty challenge !!! L'humanit\u00e9 pr\u00eate a \u00e9voluer !!! One love !!! https:\/\/www.youtube.com\/watch?v=-2dhnO_Y0NE&t=163s Enlevons les pierres de\u2026","rel":"","context":"Avec 5 commentaires","block_context":{"text":"Avec 5 commentaires","link":"https:\/\/www.cafardetletravail.com\/wp-cafard-1\/#comments"},"img":{"alt_text":"","src":"https:\/\/i0.wp.com\/www.cafardetletravail.com\/wp-cafard-1\/wp-content\/uploads\/2016\/11\/accueil.jpg?fit=480%2C360&ssl=1&resize=350%2C200","width":350,"height":200},"classes":[]},{"id":966,"url":"https:\/\/www.cafardetletravail.com\/wp-cafard-1\/mention-legales\/","url_meta":{"origin":956,"position":4},"title":"Mention l\u00e9gales","author":"cafard","date":"3 d\u00e9cembre 2016","format":false,"excerpt":"Informations l\u00e9gales 1. Pr\u00e9sentation du site. En vertu de l'article 6 de la loi n\u00b0 2004-575 du 21 juin 2004 pour la confiance dans l'\u00e9conomie num\u00e9rique, il est pr\u00e9cis\u00e9 aux utilisateurs du site cafard et le travail l'identit\u00e9 des diff\u00e9rents intervenants dans le cadre de sa r\u00e9alisation et de son\u2026","rel":"","context":"Article similaire","block_context":{"text":"Article similaire","link":""},"img":{"alt_text":"","src":"","width":0,"height":0},"classes":[]}],"jetpack_likes_enabled":true,"jetpack_sharing_enabled":true,"_links":{"self":[{"href":"https:\/\/www.cafardetletravail.com\/wp-cafard-1\/wp-json\/wp\/v2\/pages\/956","targetHints":{"allow":["GET"]}}],"collection":[{"href":"https:\/\/www.cafardetletravail.com\/wp-cafard-1\/wp-json\/wp\/v2\/pages"}],"about":[{"href":"https:\/\/www.cafardetletravail.com\/wp-cafard-1\/wp-json\/wp\/v2\/types\/page"}],"author":[{"embeddable":true,"href":"https:\/\/www.cafardetletravail.com\/wp-cafard-1\/wp-json\/wp\/v2\/users\/1"}],"replies":[{"embeddable":true,"href":"https:\/\/www.cafardetletravail.com\/wp-cafard-1\/wp-json\/wp\/v2\/comments?post=956"}],"version-history":[{"count":1,"href":"https:\/\/www.cafardetletravail.com\/wp-cafard-1\/wp-json\/wp\/v2\/pages\/956\/revisions"}],"predecessor-version":[{"id":957,"href":"https:\/\/www.cafardetletravail.com\/wp-cafard-1\/wp-json\/wp\/v2\/pages\/956\/revisions\/957"}],"wp:attachment":[{"href":"https:\/\/www.cafardetletravail.com\/wp-cafard-1\/wp-json\/wp\/v2\/media?parent=956"}],"curies":[{"name":"wp","href":"https:\/\/api.w.org\/{rel}","templated":true}]}}